{"id":2506,"date":"2017-06-29T05:27:44","date_gmt":"2017-06-29T05:27:44","guid":{"rendered":"https:\/\/pofo.themezaa.com\/?page_id=2506"},"modified":"2023-06-07T02:30:43","modified_gmt":"2023-06-07T02:30:43","slug":"home-classic-corporate","status":"publish","type":"page","link":"https:\/\/nipaqui.com.mx\/","title":{"rendered":"Arcelia"},"content":{"rendered":"<section data-vc-full-width=\"true\" data-vc-full-width-init=\"false\" data-vc-stretch-content=\"true\" class=\"vc_row wpb_row vc_row-fluid top-space vc_custom_1686019270136 cover-background wow fadeIn vc_row-has-fill pofo-stretch-content vc_row-no-padding pofo-row-responsive-69e277210a159\" style=\"min-height: 800px;\"><div class=\"wpb_column vc_column_container vc_col-sm-12  col-xs-mobile-fullwidth\"><div class=\"vc_column-inner \"><div class=\"wpb_wrapper\"><\/div><\/div><\/div><\/section><div class=\"vc_row-full-width vc_clearfix\"><\/div><section data-vc-full-width=\"true\" data-vc-full-width-init=\"false\" data-vc-stretch-content=\"true\" class=\"vc_row wpb_row vc_row-fluid  vc_custom_1686101868027 wow fadeIn vc_row-has-fill pofo-stretch-content\"><div class=\"wpb_column vc_column_container vc_col-md-6 col-xs-mobile-fullwidth wow fadeInLeft pofo-column-responsive-69e277210a3c3\"><div class=\"vc_column-inner vc_custom_1686101227693\"><div class=\"wpb_wrapper\"><h2 class=\"text-extra-dark-gray margin-20px-bottom font-weight-600 display-block alt-font heading-style2  vc_custom_1686103060450  heading-1\"  style=\"letter-spacing: -2px; font-weight: 700; color: #ffffff;\">NIPAQUI<\/h2><h6 class=\"text-extra-large margin-25px-bottom display-inline-block alt-font heading-style3  heading-2\"  style=\"font-weight: 300; color: #ffffff;\">Dise\u00f1o Gr\u00e1fico<\/h6><div class=\" vc_custom_1686103749794 last-paragraph-no-margin\" style=\"color: #ffffff;\"><p>NIPAQUI es Arcelia Rivera, realizo dise\u00f1o creativo que transforma tus ideas en obras visuales impactantes. Con atenci\u00f3n meticulosa a los detalles, ofrezco soluciones gr\u00e1ficas excepcionales para logotipos, branding y dise\u00f1o digital. Conf\u00eda en nuestro enfoque centrado en el cliente y descubre el alcance que puede llegar a tener tu negocio.<\/p>\n<\/div><a  href=\"https:\/\/pofo.themezaa.com\/\" target=\"_self\" class=\"btn pofo-button-1 button-style4  btn-transparent-white  btn-small \" >Launch Website<\/a><\/div><\/div><\/div><div class=\"wpb_column vc_column_container vc_col-md-offset-2 vc_col-md-4 col-xs-mobile-fullwidth wow fadeInRight\"><div class=\"vc_column-inner vc_custom_1686101896012\"><div class=\"wpb_wrapper\"><ul class=\"list-style-9 margin-twelve-left text-extra-dark-gray list-style7-1  text-uppercase\" style=\"color: #ffffff;\"><li style=\"border-color: #ffffff;\"><span class=\"display-block text-extra-small text-white\">Client<\/span>Jason Richardson<\/li><li style=\"border-color: #ffffff;\"><span class=\"display-block text-extra-small text-white\">Industry<\/span>Adventure \/ Travel<\/li><li style=\"border-color: #ffffff;\"><span class=\"display-block text-extra-small text-white\">Services<\/span>Design, Art Direction, Website<\/li><li style=\"border-color: #ffffff;\"><span class=\"display-block text-extra-small text-white\">Website<\/span><a href=\"#\">www.meatbun.com<\/a><\/li><\/ul><\/div><\/div><\/div><\/section><div class=\"vc_row-full-width vc_clearfix\"><\/div><section data-vc-full-width=\"true\" data-vc-full-width-init=\"false\" data-vc-stretch-content=\"true\" data-stellar-background-ratio=\"0.5\" class=\"vc_row wpb_row vc_row-fluid  vc_custom_1686019331163 wow fadeIn vc_row-has-fill pofo-stretch-content vc_row-no-padding parallax pofo-row-responsive-69e2772115af7\" style=\"min-height: 900px;\"><div class=\"wpb_column vc_column_container vc_col-sm-12  col-xs-mobile-fullwidth\"><div class=\"vc_column-inner \"><div class=\"wpb_wrapper\"><\/div><\/div><\/div><\/section><div class=\"vc_row-full-width vc_clearfix\"><\/div><section data-vc-full-width=\"true\" data-vc-full-width-init=\"false\" class=\"vc_row wpb_row vc_row-fluid   wow fadeIn pofo-stretch-content pofo-stretch-row-container\"><div class=\"wpb_column vc_column_container vc_col-sm-12  col-xs-mobile-fullwidth\"><div class=\"vc_column-inner \"><div class=\"wpb_wrapper\"><div class=\"vc_row wpb_row vc_inner vc_row-fluid   vc_row-o-equal-height vc_row-o-content-middle vc_row-flex\"><div class=\"wpb_column vc_column_container vc_col-sm-12 vc_col-md-5 vc_col-xs-12 wow fadeInLeft text-center pofo-column-responsive-69e2772115dd6\"><div class=\"vc_column-inner \"><div class=\"wpb_wrapper\">[vc_single_image image=&#8221;22258&#8243; img_size=&#8221;full&#8221; alignment=&#8221;center&#8221; style=&#8221;vc_box_rounded&#8221; el_class=&#8221;no-margin-bottom&#8221;]<\/div><\/div><\/div><div class=\"wpb_column vc_column_container vc_col-sm-12 vc_col-md-7 vc_col-xs-12 wow fadeInRight sm-text-center pofo-column-responsive-69e2772115e34\" data-wow-delay= 200ms><div class=\"vc_column-inner vc_custom_1509344883994\"><div class=\"wpb_wrapper\"><div class=\"text-medium-gray text-small margin-5px-bottom alt-font heading-style4  vc_custom_1507704260072  heading-3\"  style=\"font-size: 16px; line-height: 23px; color: #ff214f;\" data-fontsize=\"16px\" data-lineheight=\"23px\">Brand &amp; website to prime new company.<\/div><h6 class=\"text-extra-dark-gray margin-20px-bottom font-weight-600 display-inline-block alt-font heading-style2  vc_custom_1510307006494  heading-4\"  style=\"font-weight: 500;\">We are committed to our customers\u2019 success from start to finish. Our input helps make their solutions.<\/h6><div class=\" vc_custom_1507704618359 last-paragraph-no-margin\"><p>Lorem Ipsum is simply dummy text of the printing and typesetting industry. Lorem Ipsum has been the industry&#8217;s standard dummy text ever since. Lorem Ipsum has been the industry&#8217;s standard dummy text ever since. Lorem Ipsum is printing and typesetting simply dummy text.<\/p>\n<\/div><a  href=\"https:\/\/pofo.themezaa.com\/portfolio-grid-overlay\/\" target=\"_self\" class=\"btn pofo-button-2 button-style5  btn-dark-gray btn-rounded  btn-small \" ><i class=\"fas fa-play-circle icon-very-small  margin-5px-right no-margin-left\" aria-hidden=\"true\"><\/i> View Case Study<\/a><\/div><\/div><\/div><\/div><div class=\"separator-line-horrizontal-full bg-extra-light-gray center-col pofo-separator  vc_custom_1507704690500\"><\/div><div class=\"vc_row wpb_row vc_inner vc_row-fluid\"><div class=\"wpb_column vc_column_container vc_col-sm-4 vc_col-md-4 vc_col-xs-12 wow fadeInUp xs-text-center pofo-column-responsive-69e2772116055\"><div class=\"vc_column-inner \"><div class=\"wpb_wrapper\"><div class=\"featurebox5 pofo-featurebox feature-box-5 position-relative featurebox5-1\" ><i class=\"link-icon text-medium-gray icon-desktop icon-extra-medium\"><\/i><div class=\"feature-content\"><div class=\"text-extra-dark-gray margin-5px-bottom alt-font font-weight-600\">Digital Solutions<\/div><div class=\"last-paragraph-no-margin width-75 md-width-100\"><p>Lorem Ipsum is simply text the printing and typesetting standard industry.<\/p>\n<\/div><\/div><\/div><\/div><\/div><\/div><div class=\"wpb_column vc_column_container vc_col-sm-4 vc_col-md-4 vc_col-xs-12 wow fadeInUp xs-text-center pofo-column-responsive-69e27721161b6\" data-wow-delay= 200ms><div class=\"vc_column-inner \"><div class=\"wpb_wrapper\"><div class=\"featurebox5 pofo-featurebox feature-box-5 position-relative featurebox5-2\" ><i class=\"link-icon text-medium-gray icon-book-open icon-extra-medium\"><\/i><div class=\"feature-content\"><div class=\"text-extra-dark-gray margin-5px-bottom alt-font font-weight-600\">Brand Communications<\/div><div class=\"last-paragraph-no-margin width-75 md-width-100\"><p>Lorem Ipsum is simply text the printing and typesetting standard industry.<\/p>\n<\/div><\/div><\/div><\/div><\/div><\/div><div class=\"wpb_column vc_column_container vc_col-sm-4 vc_col-md-4 vc_col-xs-12 wow fadeInUp xs-text-center\" data-wow-delay= 400ms><div class=\"vc_column-inner \"><div class=\"wpb_wrapper\"><div class=\"featurebox5 pofo-featurebox feature-box-5 position-relative featurebox5-3\" ><i class=\"link-icon text-medium-gray icon-gift icon-extra-medium\"><\/i><div class=\"feature-content\"><div class=\"text-extra-dark-gray margin-5px-bottom alt-font font-weight-600\">Creative Strategy<\/div><div class=\"last-paragraph-no-margin width-75 md-width-100\"><p>Lorem Ipsum is simply text the printing and typesetting standard industry.<\/p>\n<\/div><\/div><\/div><\/div><\/div><\/div><\/div><\/div><\/div><\/div><\/section><div class=\"vc_row-full-width vc_clearfix\"><\/div><section data-vc-full-width=\"true\" data-vc-full-width-init=\"false\" data-vc-stretch-content=\"true\" data-stellar-background-ratio=\"0.5\" class=\"vc_row wpb_row vc_row-fluid  vc_custom_1686019342221 wow fadeIn vc_row-has-fill pofo-stretch-content parallax pofo-row-responsive-69e2772116311\" style=\"min-height: 900px;\"><div class=\"wpb_column vc_column_container vc_col-sm-12  col-xs-mobile-fullwidth\"><div class=\"vc_column-inner \"><div class=\"wpb_wrapper\"><\/div><\/div><\/div><\/section><div class=\"vc_row-full-width vc_clearfix\"><\/div><section data-vc-full-width=\"true\" data-vc-full-width-init=\"false\" class=\"vc_row wpb_row vc_row-fluid big-section  pofo-stretch-content pofo-stretch-row-container\"><div class=\"wpb_column vc_column_container vc_col-lg-12 col-xs-mobile-fullwidth text-center\"><div class=\"vc_column-inner \"><div class=\"wpb_wrapper\"><div class=\"testimonial-3 testimonial-style-3\"><i class=\"fas fa-quote-left icon-small text-deep-pink display-block margin-25px-bottom \"><\/i><h4 class=\"alt-font text-extra-dark-gray font-weight-600\" style=\"font-weight: 600;\">This is an excellent company! I personally enjoyed the energy and the professional support the whole team gave to us into creating website.<\/h4><span class=\"text-extra-small alt-font letter-spacing-3 text-medium-gray text-uppercase\">Mattie Stepanek<\/span><\/div><\/div><\/div><\/div><\/section><div class=\"vc_row-full-width vc_clearfix\"><\/div><section data-vc-full-width=\"true\" data-vc-full-width-init=\"false\" class=\"vc_row wpb_row vc_row-fluid  vc_custom_1686019543766 wow fadeIn vc_row-has-fill pofo-stretch-content pofo-stretch-row-container vc_row-o-equal-height vc_row-o-content-middle vc_row-flex\"><div class=\"wpb_column vc_column_container vc_col-has-fill position-relative vc_col-sm-12 vc_col-md-6 vc_col-xs-12 wow slideInLeft pofo-column-responsive-69e277211655e\"><div class=\"vc_column-inner cover-background vc_custom_1510906294384\"><div class=\"wpb_wrapper\"><\/div><\/div><\/div><div class=\"wpb_column vc_column_container vc_col-sm-12 vc_col-md-6 vc_col-xs-12 wow slideInRight sm-text-center\"><div class=\"vc_column-inner \"><div class=\"wpb_wrapper\"><div class=\"vc_row wpb_row vc_inner vc_row-fluid  vc_custom_1510047294580 pofo-inner-row-responsive-69e2772116610\"><div class=\"wpb_column vc_column_container vc_col-sm-12  col-xs-mobile-fullwidth\"><div class=\"vc_column-inner \"><div class=\"wpb_wrapper\"><div class=\"text-medium-gray text-small margin-5px-bottom alt-font heading-style4  vc_custom_1510045282025  heading-5\"  style=\"font-size: 16px; line-height: 23px; color: #6f6f6f;\" data-fontsize=\"16px\" data-lineheight=\"23px\">We create premium designs and technology.<\/div><h4 class=\"text-extra-dark-gray margin-20px-bottom font-weight-600 display-inline-block alt-font heading-style2  heading-6\"  style=\"font-weight: 500; color: #d6d5d5;\">A digital studio crafting beautiful experiences.<\/h4><div class=\" vc_custom_1510047341913 last-paragraph-no-margin pofo-text-block-responsive-69e27721166b9\" style=\"width: 80%;\"><p>Lorem Ipsum is simply dummy text of the printing and typesetting industry. Lorem Ipsum has been the industry&#8217;s standard dummy text ever since. Lorem Ipsum has been the industry. Lorem Ipsum is simply dummy text of the printing and industry. Lorem Ipsum has been the industry&#8217;s standard dummy text ever since. Lorem Ipsum has been the industry.<\/p>\n<\/div><a  href=\"https:\/\/pofo.themezaa.com\/home-creative-small-business\/\" target=\"_self\" class=\"btn pofo-button-3 button-style6  btn-white btn-rounded  btn-small \" >Start Your Business<\/a><\/div><\/div><\/div><\/div><\/div><\/div><\/div><\/section><div class=\"vc_row-full-width vc_clearfix\"><\/div><section data-vc-full-width=\"true\" data-vc-full-width-init=\"false\" class=\"vc_row wpb_row vc_row-fluid   wow fadeIn pofo-stretch-content pofo-stretch-row-container\"><div class=\"wpb_column vc_column_container vc_col-sm-6 vc_col-md-3 vc_col-xs-12 wow fadeInDown text-center pofo-column-responsive-69e27721167dc\"><div class=\"vc_column-inner \"><div class=\"wpb_wrapper\"><div class=\"counter-style counter-style3 counter-style3-1\"><h4 data-postfix=\"\" data-to=\"25\" data-speed=\"2000\" class=\"text-extra-dark-gray font-weight-500 no-margin timer\" >25<\/h4><span class=\"display-block margin-three-bottom\">Art Director<\/span><div class=\"separator-line-verticle-large bg-deep-pink display-inline-block\"><\/div><\/div><\/div><\/div><\/div><div class=\"wpb_column vc_column_container vc_col-sm-6 vc_col-md-3 vc_col-xs-12 wow fadeInDown text-center pofo-column-responsive-69e2772116881\" data-wow-delay= 200ms><div class=\"vc_column-inner \"><div class=\"wpb_wrapper\"><div class=\"counter-style counter-style3 counter-style3-2\"><h4 data-postfix=\"\" data-to=\"50\" data-speed=\"2000\" class=\"text-extra-dark-gray font-weight-500 no-margin timer\" >50<\/h4><span class=\"display-block margin-three-bottom\">Designer<\/span><div class=\"separator-line-verticle-large bg-deep-pink display-inline-block\"><\/div><\/div><\/div><\/div><\/div><div class=\"wpb_column vc_column_container vc_col-sm-6 vc_col-md-3 vc_col-xs-12 wow fadeInDown text-center pofo-column-responsive-69e27721168dc\" data-wow-delay= 400ms><div class=\"vc_column-inner \"><div class=\"wpb_wrapper\"><div class=\"counter-style counter-style3 counter-style3-3\"><h4 data-postfix=\"\" data-to=\"35\" data-speed=\"2000\" class=\"text-extra-dark-gray font-weight-500 no-margin timer\" >35<\/h4><span class=\"display-block margin-three-bottom\">Developer<\/span><div class=\"separator-line-verticle-large bg-deep-pink display-inline-block\"><\/div><\/div><\/div><\/div><\/div><div class=\"wpb_column vc_column_container vc_col-sm-6 vc_col-md-3 vc_col-xs-12 wow fadeInDown text-center\" data-wow-delay= 600ms><div class=\"vc_column-inner \"><div class=\"wpb_wrapper\"><div class=\"counter-style counter-style3 counter-style3-4\"><h4 data-postfix=\"\" data-to=\"25\" data-speed=\"2000\" class=\"text-extra-dark-gray font-weight-500 no-margin timer\" >25<\/h4><span class=\"display-block margin-three-bottom\">Animator<\/span><div class=\"separator-line-verticle-large bg-deep-pink display-inline-block\"><\/div><\/div><\/div><\/div><\/div><\/section><div class=\"vc_row-full-width vc_clearfix\"><\/div><section data-vc-full-width=\"true\" data-vc-full-width-init=\"false\" data-vc-stretch-content=\"true\" class=\"vc_row wpb_row vc_row-fluid  vc_custom_1686019383066 wow fadeIn pofo-stretch-content\"><div class=\"wpb_column vc_column_container vc_col-sm-12  col-xs-mobile-fullwidth\"><div class=\"vc_column-inner vc_custom_1507709739552\"><div class=\"wpb_wrapper\">[vc_single_image image=&#8221;20227&#8243; img_size=&#8221;full&#8221; alignment=&#8221;center&#8221; el_class=&#8221;no-margin-bottom single-img-full&#8221;][vc_single_image image=&#8221;20227&#8243; img_size=&#8221;full&#8221; alignment=&#8221;center&#8221; el_class=&#8221;no-margin-bottom single-img-full&#8221;][vc_single_image image=&#8221;20227&#8243; img_size=&#8221;full&#8221; alignment=&#8221;center&#8221; el_class=&#8221;no-margin-bottom single-img-full&#8221;][vc_single_image image=&#8221;20227&#8243; img_size=&#8221;full&#8221; alignment=&#8221;center&#8221; el_class=&#8221;no-margin-bottom single-img-full&#8221;][vc_single_image image=&#8221;20227&#8243; img_size=&#8221;full&#8221; alignment=&#8221;center&#8221; el_class=&#8221;no-margin-bottom single-img-full&#8221;]<\/div><\/div><\/div><\/section><div class=\"vc_row-full-width vc_clearfix\"><\/div><section data-vc-full-width=\"true\" data-vc-full-width-init=\"false\" data-vc-stretch-content=\"true\" data-stellar-background-ratio=\"0.5\" class=\"vc_row wpb_row vc_row-fluid  vc_custom_1686019394326 wow fadeIn vc_row-has-fill pofo-stretch-content vc_row-o-content-middle vc_row-flex parallax\"><div class=\"bg-extra-dark-gray bg-overlay\" style=\"opacity:0.3; background-color:#000000; \"><\/div><div class=\"wpb_column vc_column_container vc_col-sm-12  col-xs-mobile-fullwidth text-center pofo-column-responsive-69e2772116a7d\"><div class=\"vc_column-inner \" style=\"min-height: 600px;\"><div class=\"wpb_wrapper\"><a class=\"absolute-middle-center xs-width-100px youtube-video-1  popup-youtube pofo-button-4\" href=\"https:\/\/www.youtube.com\/watch?v=nrJtHemSPW4\"><img decoding=\"async\" src=\"https:\/\/nipaqui.com.mx\/wp-content\/uploads\/2017\/05\/icon-play.png\" alt=\"\" class=\"icon-image\"\/><\/a><\/div><\/div><\/div><\/section><div class=\"vc_row-full-width vc_clearfix\"><\/div>\n","protected":false},"excerpt":{"rendered":"NIPAQUIDise\u00f1o Gr\u00e1ficoNIPAQUI es Arcelia Rivera, realizo dise\u00f1o creativo que transforma tus ideas en obras visuales impactantes. Con atenci\u00f3n meticulosa a los detalles, ofrezco soluciones gr\u00e1ficas excepcionales para logotipos, branding y dise\u00f1o digital. Conf\u00eda en nuestro enfoque centrado en el cliente y descubre el alcance que puede llegar a tener tu negocio. Launch WebsiteClientJason RichardsonIndustryAdventure \/ TravelServicesDesign, Art Direction, WebsiteWebsitewww.meatbun.com[vc_single_image image=\"22258\" img_size=\"full\" alignment=\"center\" style=\"vc_box_rounded\" el_class=\"no-margin-bottom\"]Brand &amp; website to prime new company.We are committed to our customers\u2019 success from start to finish. Our input helps make their solutions.Lorem Ipsum is simply dummy text of the printing and typesetting industry. Lorem Ipsum has been the industry's standard dummy text ever since. Lorem Ipsum has been the industry's standard dummy text ever since. Lorem Ipsum is printing and typesetting simply dummy text. View Case StudyDigital SolutionsLorem Ipsum is simply text the printing and typesetting standard industry. Brand CommunicationsLorem Ipsum is simply text the printing and typesetting standard industry. Creative StrategyLorem Ipsum is simply text the printing and typesetting standard industry. This is an excellent company! I personally enjoyed the energy and the professional support the whole team gave to us into creating website.Mattie StepanekWe create premium designs and technology.A digital studio crafting beautiful experiences.Lorem...","protected":false},"author":1,"featured_media":0,"parent":0,"menu_order":0,"comment_status":"closed","ping_status":"closed","template":"","meta":{"footnotes":""},"class_list":["post-2506","page","type-page","status-publish","hentry"],"_links":{"self":[{"href":"https:\/\/nipaqui.com.mx\/index.php\/wp-json\/wp\/v2\/pages\/2506","targetHints":{"allow":["GET"]}}],"collection":[{"href":"https:\/\/nipaqui.com.mx\/index.php\/wp-json\/wp\/v2\/pages"}],"about":[{"href":"https:\/\/nipaqui.com.mx\/index.php\/wp-json\/wp\/v2\/types\/page"}],"author":[{"embeddable":true,"href":"https:\/\/nipaqui.com.mx\/index.php\/wp-json\/wp\/v2\/users\/1"}],"replies":[{"embeddable":true,"href":"https:\/\/nipaqui.com.mx\/index.php\/wp-json\/wp\/v2\/comments?post=2506"}],"version-history":[{"count":22,"href":"https:\/\/nipaqui.com.mx\/index.php\/wp-json\/wp\/v2\/pages\/2506\/revisions"}],"predecessor-version":[{"id":22259,"href":"https:\/\/nipaqui.com.mx\/index.php\/wp-json\/wp\/v2\/pages\/2506\/revisions\/22259"}],"wp:attachment":[{"href":"https:\/\/nipaqui.com.mx\/index.php\/wp-json\/wp\/v2\/media?parent=2506"}],"curies":[{"name":"wp","href":"https:\/\/api.w.org\/{rel}","templated":true}]}}